{"id":3754,"date":"2020-09-02T17:39:26","date_gmt":"2020-09-02T15:39:26","guid":{"rendered":"https:\/\/qubic.fr\/test\/picto\/?page_id=3754"},"modified":"2020-11-16T09:56:46","modified_gmt":"2020-11-16T08:56:46","slug":"impression-grand-format-et-signaletique-picto-mediterranee","status":"publish","type":"page","link":"https:\/\/qubic.fr\/test\/picto\/impression-grand-format-et-signaletique-picto-mediterranee\/","title":{"rendered":"Impression grand format et signal\u00e9tique PICTO M\u00c9DITERRAN\u00c9E"},"content":{"rendered":"<p>[vc_row parallax=\u00a0\u00bbcontent-moving\u00a0\u00bb parallax_image=\u00a0\u00bb3757&Prime; disable_element=\u00a0\u00bbyes\u00a0\u00bb wrap_container=\u00a0\u00bbyes\u00a0\u00bb section_skin=\u00a0\u00bbparallax\u00a0\u00bb css=\u00a0\u00bb.vc_custom_1599155590003{padding-top: 30px !important;}\u00a0\u00bb][vc_column width=\u00a0\u00bb5\/12&Prime; css=\u00a0\u00bb.vc_custom_1543888239030{padding-bottom: 50px !important;}\u00a0\u00bb]<div class=\"page-top page-header-1\" data-appear-animation=\"fadeInUp\" data-appear-animation-delay=\"200\"><style>.page-top { background: none; border-bottom: none; } .page-top .page-title:not(.b-none):after { display: none; }.page-top .breadcrumbs-wrap { color: rgba(0,0,0,0.7) }.page-top .breadcrumbs-wrap a { color: #000000 }.page-top .page-title {color: #000000;font-size: 2.75em;margin-bottom: 30px;}.page-top .page-sub-title { color: #000000 }<\/style><div class=\"container\">\n\t<div class=\"row\">\n\t\t<div class=\"col-lg-12\">\n\t\t\t\t\t\t\t<div class=\"breadcrumbs-wrap breadcrumbs-with-subtitle\">\n\t\t\t\t\t<ul class=\"breadcrumb\" itemscope itemtype=\"http:\/\/schema.org\/BreadcrumbList\"><li itemprop=\"itemListElement\" itemscope itemtype=\"http:\/\/schema.org\/ListItem\"><a itemtype=\"http:\/\/schema.org\/Thing\" itemprop=\"item\" href=\"https:\/\/qubic.fr\/test\/picto\"><span itemprop=\"name\">Accueil<\/span><meta itemprop=\"position\" content=\"1\" \/><\/a><i class=\"delimiter delimiter-2\"><\/i><\/li><\/ul>\t\t\t\t<\/div>\n\t\t\t\t\t\t<div class=\"page-title-wrap\">\n\t\t\t\t<h1 class=\"page-title b-none\">Vos besoins en impression Grand Format et Signal\u00e9tique ?<\/h1>\n\t\t\t\t\t\t\t\t\t<p class=\"page-sub-title\"><strong>PICTO M\u00e9diterran\u00e9e<\/strong> vous apporte la solution d'impression et le syst\u00e8me de pose ad\u00e9quat en fonction de vos projets.<\/p>\n\t\t\t\t\t\t\t<\/div>\n\t\t\t\t\t<\/div>\n\t<\/div>\n<\/div>\n<\/div>[vc_btn title=\u00a0\u00bbCONTACT \/ DEVIS\u00a0\u00bb style=\u00a0\u00bbflat\u00a0\u00bb shape=\u00a0\u00bbsquare\u00a0\u00bb color=\u00a0\u00bbblack\u00a0\u00bb size=\u00a0\u00bbxl\u00a0\u00bb i_align=\u00a0\u00bbright\u00a0\u00bb i_icon_fontawesome=\u00a0\u00bb\u00a0\u00bb skin=\u00a0\u00bbdark\u00a0\u00bb add_icon=\u00a0\u00bbtrue\u00a0\u00bb css_animation=\u00a0\u00bbfadeInUp\u00a0\u00bb link=\u00a0\u00bburl:https%3A%2F%2F1.envato.market%2FrNg2d|||\u00a0\u00bb][\/vc_column][vc_column width=\u00a0\u00bb7\/12&Prime; el_class=\u00a0\u00bboverflow-hidden d-flex align-items-end\u00a0\u00bb][vc_single_image image=\u00a0\u00bb3936&Prime; img_size=\u00a0\u00bbfull\u00a0\u00bb alignment=\u00a0\u00bbright\u00a0\u00bb animation_delay=\u00a0\u00bb500&Prime; animation_type=\u00a0\u00bbfadeInRight\u00a0\u00bb el_class=\u00a0\u00bbmb-0&Prime;][\/vc_column][\/vc_row][vc_row no_padding=\u00a0\u00bbyes\u00a0\u00bb css=\u00a0\u00bb.vc_custom_1602077771704{background-color: #53565a !important;}\u00a0\u00bb][vc_column parallax=\u00a0\u00bbcontent-moving\u00a0\u00bb parallax_image=\u00a0\u00bb5961&Prime; parallax_speed_bg=\u00a0\u00bb1&Prime; width=\u00a0\u00bb1\/2&Prime; css=\u00a0\u00bb.vc_custom_1604911232329{padding-top: 250px !important;padding-bottom: 250px !important;}\u00a0\u00bb][\/vc_column][vc_column width=\u00a0\u00bb1\/2&Prime; css=\u00a0\u00bb.vc_custom_1543849481443{padding-top: 90px !important;padding-bottom: 60px !important;}\u00a0\u00bb el_class=\u00a0\u00bbcol-half-section pl-3 pr-3 pl-md-5 pr-md-0&Prime;]<div class=\"porto-u-heading mb-1\" data-hspacer=\"no_spacer\" data-halign=\"left\" style=\"text-align:left\" data-appear-animation=\"fadeInUp\"><div class=\"porto-u-main-heading\"><h4 style=\"font-weight:400;color:#efefef;font-size:30px;\">Votre \u00e9v\u00e9nement m\u00e9rite une communication de qualit\u00e9<\/h4><\/div><div class=\"porto-u-sub-heading\" style=\"color: #000000;\"><span style=\"color: #efefef; font-size: 18px;\">PICTO MEDITERRANEE optimise les proc\u00e9d\u00e9s d&rsquo;impression et de finition selon le contexte de votre op\u00e9ration.<\/span><\/div><\/div>[vc_column_text]<\/p>\n<ul>\n<li><span style=\"color: #efefef;\">Culture de l&rsquo;image et conseil par l&rsquo;\u00e9quipe.<\/span><\/li>\n<li><span style=\"color: #efefef;\">Accompagnement par des technico-commerciaux.<\/span><\/li>\n<li><span style=\"color: #efefef;\">Suivi logistique d&rsquo;exp\u00e9dition.<\/span><\/li>\n<li><span style=\"color: #efefef;\">Suivi de chantier de pose.<\/span><\/li>\n<\/ul>\n<p>[\/vc_column_text][vc_btn title=\u00a0\u00bbExemples de r\u00e9alisations\u00a0\u00bb style=\u00a0\u00bbcustom\u00a0\u00bb custom_background=\u00a0\u00bb#000000&Prime; custom_text=\u00a0\u00bb#ffffff\u00a0\u00bb shape=\u00a0\u00bbsquare\u00a0\u00bb size=\u00a0\u00bblg\u00a0\u00bb align=\u00a0\u00bbleft\u00a0\u00bb link=\u00a0\u00bburl:https%3A%2F%2Fqubic.fr%2Ftest%2Fpicto%2Frealisation-grand-format-et-signaletique%2F|title:R%C3%A9alisation%20Grand%20format%20et%20Signal%C3%A9tique\u00a0\u00bb el_class=\u00a0\u00bbfont-size-sm\u00a0\u00bb animation_type=\u00a0\u00bbfadeInUp\u00a0\u00bb][\/vc_column][\/vc_row][vc_row no_padding=\u00a0\u00bbyes\u00a0\u00bb css=\u00a0\u00bb.vc_custom_1598912678733{background-color: #fe0000 !important;}\u00a0\u00bb][vc_column parallax=\u00a0\u00bbcontent-moving\u00a0\u00bb parallax_image=\u00a0\u00bb6066&Prime; parallax_speed_bg=\u00a0\u00bb1&Prime; width=\u00a0\u00bb1\/2&Prime; el_class=\u00a0\u00bborder-md-2&Prime; css=\u00a0\u00bb.vc_custom_1605516870931{padding-top: 250px !important;padding-bottom: 250px !important;}\u00a0\u00bb][\/vc_column][vc_column width=\u00a0\u00bb1\/2&Prime; css=\u00a0\u00bb.vc_custom_1543849756478{padding-top: 90px !important;padding-bottom: 60px !important;}\u00a0\u00bb][vc_row_inner el_class=\u00a0\u00bbcol-half-section col-half-section-right no-padding\u00a0\u00bb][vc_column_inner css=\u00a0\u00bb.vc_custom_1599005748036{padding-top: 10px !important;padding-right: 10px !important;padding-bottom: 10px !important;padding-left: 10px !important;}\u00a0\u00bb]<div class=\"porto-u-heading mb-1\" data-hspacer=\"no_spacer\" data-halign=\"left\" style=\"text-align:left\" data-appear-animation=\"maskUp\"><div class=\"porto-u-main-heading\"><h4 style=\"font-weight:400;color:#ffffff;font-size:30px;\">Supports souples<\/h4><\/div><\/div>[vc_column_text css=\u00a0\u00bb.vc_custom_1603818552810{padding-top: 10px !important;padding-right: 10px !important;padding-bottom: 10px !important;padding-left: 10px !important;}\u00a0\u00bb]<\/p>\n<ul>\n<li><span style=\"color: #efefef;\">Gamme de vinyl, papier, PET, marquage sol, linol\u00e9um.<\/span><\/li>\n<li><span style=\"color: #efefef;\">Films de discr\u00e9tion, films pour vitrage bureau, vitrine.<\/span><\/li>\n<li><span style=\"color: #efefef;\">Films pour l&rsquo;architecture et la d\u00e9coration.<\/span><\/li>\n<li><span style=\"color: #efefef;\">Gamme de supports transparent, Backlight diffusant.<\/span><\/li>\n<li><span style=\"color: #efefef;\">Gamme de supports b\u00e2che, grille, toile, intiss\u00e9.<\/span><\/li>\n<li><span style=\"color: #efefef;\">M\u00e9dias recto et recto-verso.<\/span><\/li>\n<\/ul>\n<p>[\/vc_column_text][vc_btn title=\u00a0\u00bbExemples de r\u00e9alisations\u00a0\u00bb style=\u00a0\u00bbcustom\u00a0\u00bb custom_background=\u00a0\u00bb#000000&Prime; custom_text=\u00a0\u00bb#ffffff\u00a0\u00bb shape=\u00a0\u00bbsquare\u00a0\u00bb size=\u00a0\u00bblg\u00a0\u00bb align=\u00a0\u00bbleft\u00a0\u00bb link=\u00a0\u00bburl:https%3A%2F%2Fqubic.fr%2Ftest%2Fpicto%2Frealisation-grand-format-et-signaletique%2F|title:R%C3%A9alisation%20Grand%20format%20et%20Signal%C3%A9tique\u00a0\u00bb el_class=\u00a0\u00bbfont-size-sm\u00a0\u00bb][\/vc_column_inner][\/vc_row_inner][\/vc_column][\/vc_row][vc_row no_padding=\u00a0\u00bbyes\u00a0\u00bb css=\u00a0\u00bb.vc_custom_1602077781757{background-color: #53565a !important;}\u00a0\u00bb][vc_column parallax=\u00a0\u00bbcontent-moving\u00a0\u00bb parallax_image=\u00a0\u00bb6068&Prime; parallax_speed_bg=\u00a0\u00bb1&Prime; width=\u00a0\u00bb1\/2&Prime; css=\u00a0\u00bb.vc_custom_1605517003719{padding-top: 250px !important;padding-bottom: 250px !important;}\u00a0\u00bb][\/vc_column][vc_column width=\u00a0\u00bb1\/2&Prime; css=\u00a0\u00bb.vc_custom_1543849481443{padding-top: 90px !important;padding-bottom: 60px !important;}\u00a0\u00bb el_class=\u00a0\u00bbcol-half-section pl-3 pr-3 pl-md-5 pr-md-0&Prime;]<div class=\"porto-u-heading mb-1\" data-hspacer=\"no_spacer\" data-halign=\"left\" style=\"text-align:left\" data-appear-animation=\"fadeInUp\"><div class=\"porto-u-main-heading\"><h4 style=\"font-weight:400;color:#efefef;font-size:30px;\">Supports rigides<\/h4><\/div><\/div>[vc_column_text]<\/p>\n<ul>\n<li><span style=\"color: #efefef;\">Gamme de PVC de 1 mm \u00e0 10 mm.<\/span><\/li>\n<li><span style=\"color: #efefef;\">Gamme de Dibond et plexiglas jusqu&rsquo;\u00e0 20 mm.<\/span><\/li>\n<li><span style=\"color: #efefef;\">Gamme carton et Akylux jusqu&rsquo;\u00e0 19 mm.<\/span><\/li>\n<li><span style=\"color: #efefef;\">Gamme de mousse Stadur jusqu&rsquo;\u00e0 19 mm.<\/span><\/li>\n<li><span style=\"color: #efefef;\">Gamme de magn\u00e9tique int\u00e9rieur et pour v\u00e9hicule.<\/span><\/li>\n<\/ul>\n<p>[\/vc_column_text][vc_btn title=\u00a0\u00bbExemples de r\u00e9alisations\u00a0\u00bb style=\u00a0\u00bbcustom\u00a0\u00bb custom_background=\u00a0\u00bb#000000&Prime; custom_text=\u00a0\u00bb#ffffff\u00a0\u00bb shape=\u00a0\u00bbsquare\u00a0\u00bb size=\u00a0\u00bblg\u00a0\u00bb align=\u00a0\u00bbleft\u00a0\u00bb link=\u00a0\u00bburl:https%3A%2F%2Fqubic.fr%2Ftest%2Fpicto%2Frealisation-grand-format-et-signaletique%2F|title:R%C3%A9alisation%20Grand%20format%20et%20Signal%C3%A9tique\u00a0\u00bb el_class=\u00a0\u00bbfont-size-sm\u00a0\u00bb animation_type=\u00a0\u00bbfadeInUp\u00a0\u00bb][\/vc_column][\/vc_row][vc_row no_padding=\u00a0\u00bbyes\u00a0\u00bb css=\u00a0\u00bb.vc_custom_1598912678733{background-color: #fe0000 !important;}\u00a0\u00bb][vc_column parallax=\u00a0\u00bbcontent-moving\u00a0\u00bb parallax_image=\u00a0\u00bb5968&Prime; parallax_speed_bg=\u00a0\u00bb1&Prime; width=\u00a0\u00bb1\/2&Prime; el_class=\u00a0\u00bborder-md-2&Prime; css=\u00a0\u00bb.vc_custom_1604911661922{padding-top: 250px !important;padding-bottom: 250px !important;}\u00a0\u00bb][\/vc_column][vc_column width=\u00a0\u00bb1\/2&Prime; css=\u00a0\u00bb.vc_custom_1543849756478{padding-top: 90px !important;padding-bottom: 60px !important;}\u00a0\u00bb][vc_row_inner el_class=\u00a0\u00bbcol-half-section col-half-section-right no-padding\u00a0\u00bb][vc_column_inner css=\u00a0\u00bb.vc_custom_1599005748036{padding-top: 10px !important;padding-right: 10px !important;padding-bottom: 10px !important;padding-left: 10px !important;}\u00a0\u00bb]<div class=\"porto-u-heading mb-1\" data-hspacer=\"no_spacer\" data-halign=\"left\" style=\"text-align:left\" data-appear-animation=\"maskUp\"><div class=\"porto-u-main-heading\"><h4 style=\"font-weight:400;color:#ffffff;font-size:30px;\">Finition et usinage<\/h4><\/div><\/div>[vc_column_text css=\u00a0\u00bb.vc_custom_1603818761811{padding-top: 10px !important;padding-right: 10px !important;padding-bottom: 10px !important;padding-left: 10px !important;}\u00a0\u00bb]<\/p>\n<ul>\n<li><span style=\"color: #efefef;\">Plastifications, ardoisine, V\u00e9l\u00e9da, effets de mati\u00e8res.<\/span><\/li>\n<li><span style=\"color: #efefef;\">D\u00e9coupe num\u00e9rique, mi-chair, pleine-chair, fraisage.<\/span><\/li>\n<li><span style=\"color: #efefef;\">Soudure m\u00e9tal et alu, menuiserie, travail du plexi.<\/span><\/li>\n<li><span style=\"color: #efefef;\">Contrecollage, fa\u00e7onnage, assemblage, kitage.<\/span><\/li>\n<li><span style=\"color: #efefef;\">Pochoir, passe-t\u00eate, PLV en volume, kit de stickers en planche.<\/span><\/li>\n<\/ul>\n<p>[\/vc_column_text][vc_btn title=\u00a0\u00bbExemples de r\u00e9alisations\u00a0\u00bb style=\u00a0\u00bbcustom\u00a0\u00bb custom_background=\u00a0\u00bb#000000&Prime; custom_text=\u00a0\u00bb#ffffff\u00a0\u00bb shape=\u00a0\u00bbsquare\u00a0\u00bb size=\u00a0\u00bblg\u00a0\u00bb align=\u00a0\u00bbleft\u00a0\u00bb link=\u00a0\u00bburl:https%3A%2F%2Fqubic.fr%2Ftest%2Fpicto%2Frealisation-grand-format-et-signaletique%2F|title:R%C3%A9alisation%20Grand%20format%20et%20Signal%C3%A9tique\u00a0\u00bb el_class=\u00a0\u00bbfont-size-sm\u00a0\u00bb animation_type=\u00a0\u00bbfadeInUp\u00a0\u00bb][\/vc_column_inner][\/vc_row_inner][\/vc_column][\/vc_row][vc_row no_padding=\u00a0\u00bbyes\u00a0\u00bb css=\u00a0\u00bb.vc_custom_1602077792179{background-color: #53565a !important;}\u00a0\u00bb][vc_column parallax=\u00a0\u00bbcontent-moving\u00a0\u00bb parallax_image=\u00a0\u00bb5971&Prime; parallax_speed_bg=\u00a0\u00bb1&Prime; width=\u00a0\u00bb1\/2&Prime; css=\u00a0\u00bb.vc_custom_1604911812865{padding-top: 250px !important;padding-bottom: 250px !important;}\u00a0\u00bb][\/vc_column][vc_column width=\u00a0\u00bb1\/2&Prime; css=\u00a0\u00bb.vc_custom_1543849481443{padding-top: 90px !important;padding-bottom: 60px !important;}\u00a0\u00bb el_class=\u00a0\u00bbcol-half-section pl-3 pr-3 pl-md-5 pr-md-0&Prime;]<div class=\"porto-u-heading mb-1\" data-hspacer=\"no_spacer\" data-halign=\"left\" style=\"text-align:left\" data-appear-animation=\"fadeInUp\"><div class=\"porto-u-main-heading\"><h4 style=\"font-weight:400;color:#efefef;font-size:30px;\">Pose sur site pour votre tranquillit\u00e9<\/h4><\/div><\/div>[vc_column_text]<\/p>\n<ul>\n<li><span style=\"color: #efefef;\">Equipe de poseurs sp\u00e9cialis\u00e9s avec les accr\u00e9ditations et permis.<\/span><\/li>\n<li><span style=\"color: #efefef;\">Cordistes pour les immeubles de tr\u00e8s grande hauteur.<\/span><\/li>\n<li><span style=\"color: #efefef;\">Dans un centre commercial pour la signal\u00e9tique, une banque avec des films occultant.<\/span><\/li>\n<li><span style=\"color: #efefef;\">Pour un mus\u00e9e, un promoteur immobilier, un point de vente ou bien pour habiller un bus.<\/span><\/li>\n<li><span style=\"color: #efefef;\">Totem m\u00e9tal, enseigne bords pli\u00e9s, b\u00e2che tendue sur cadre, plaque de porte.<\/span><\/li>\n<\/ul>\n<p>[\/vc_column_text][vc_btn title=\u00a0\u00bbExemples de r\u00e9alisations\u00a0\u00bb style=\u00a0\u00bbcustom\u00a0\u00bb custom_background=\u00a0\u00bb#000000&Prime; custom_text=\u00a0\u00bb#ffffff\u00a0\u00bb shape=\u00a0\u00bbsquare\u00a0\u00bb size=\u00a0\u00bblg\u00a0\u00bb align=\u00a0\u00bbleft\u00a0\u00bb link=\u00a0\u00bburl:https%3A%2F%2Fqubic.fr%2Ftest%2Fpicto%2Fpose-sur-site-et-vehicule%2F|title:Pose%20sur%20site%20et%20v%C3%A9hicule\u00a0\u00bb el_class=\u00a0\u00bbfont-size-sm\u00a0\u00bb animation_type=\u00a0\u00bbfadeInUp\u00a0\u00bb][\/vc_column][\/vc_row][vc_row parallax=\u00a0\u00bbcontent-moving\u00a0\u00bb parallax_image=\u00a0\u00bb3729&Prime; parallax_speed_bg=\u00a0\u00bb1.25&Prime; disable_element=\u00a0\u00bbyes\u00a0\u00bb wrap_container=\u00a0\u00bbyes\u00a0\u00bb is_section=\u00a0\u00bbyes\u00a0\u00bb remove_margin_top=\u00a0\u00bbyes\u00a0\u00bb remove_border=\u00a0\u00bbyes\u00a0\u00bb css=\u00a0\u00bb.vc_custom_1599067145251{padding-top: 100px !important;padding-bottom: 50px !important;}\u00a0\u00bb el_id=\u00a0\u00bbbanner_icons\u00a0\u00bb][vc_column width=\u00a0\u00bb5\/6&Prime; offset=\u00a0\u00bbvc_col-md-offset-5 vc_col-md-7 vc_col-sm-offset-2&Prime;][vc_row_inner animation_type=\u00a0\u00bbfadeInUp\u00a0\u00bb][vc_column_inner]<div class=\"porto-sicon-box mb-4 style_1 left-icon\"><div class=\"porto-sicon-left\"><div id=\"porto-icon-970740126a09d4e703762\" class=\"porto-just-icon-wrapper\" style=\"text-align:center;\"><div class=\"porto-sicon-img \" style=\"display:inline-block;font-size: 90px;\"><img class=\"img-icon\" alt=\"\" src=\"https:\/\/qubic.fr\/test\/picto\/wp-content\/uploads\/2020\/09\/picto-mediterranee-imprim-vert-1.jpg\" width=\"96\" height=\"96\" \/><\/div><\/div><\/div><div class=\"porto-sicon-body\"><div class=\"porto-sicon-header\"><h3 class=\"porto-sicon-title\" style=\"font-weight:600;font-size:25px;line-height:25px;\">Une d\u00e9marche environnementale<\/h3><\/div> <!-- header --><div class=\"porto-sicon-description\" style=\"font-family:&#039;Montserrat&#039;;\">\n<ul>\n<li>Certification imprim\u2019vert depuis 2009 \u00e0 Marseille.<\/li>\n<li>Une D\u00e9marche d\u2019entreprise R.S.E<\/li>\n<li>Retraitement par R\u00e9mondis et Paprec.<\/li>\n<\/ul>\n<p><\/div> <!-- description --><\/div><\/div><!-- porto-sicon-box -->[\/vc_column_inner][\/vc_row_inner][vc_row_inner animation_delay=\u00a0\u00bb200&Prime; animation_type=\u00a0\u00bbfadeInUp\u00a0\u00bb][vc_column_inner]<div class=\"porto-sicon-box mb-4 style_1 left-icon\"><div class=\"porto-sicon-left\"><div id=\"porto-icon-5783501636a09d4e703f5e\" class=\"porto-just-icon-wrapper\" style=\"text-align:center;\"><div class=\"porto-sicon-img \" style=\"display:inline-block;font-size: 90px;\"><img class=\"img-icon\" alt=\"\" src=\"https:\/\/qubic.fr\/test\/picto\/wp-content\/uploads\/2020\/09\/picto-mediterranee-certifications.jpg\" width=\"96\" height=\"96\" \/><\/div><\/div><\/div><div class=\"porto-sicon-body\"><div class=\"porto-sicon-header\"><h3 class=\"porto-sicon-title\" style=\"font-weight:600;font-size:25px;line-height:25px;\">Des labels et certifications avec les grands op\u00e9rateurs<\/h3><\/div> <!-- header --><div class=\"porto-sicon-description\" style=\"font-family:&#039;Montserrat&#039;;\">\n<ul>\n<li>Fogra, Digigraphie Epson, Kodak, HP Latex.<\/li>\n<\/ul>\n<p><\/div> <!-- description --><\/div><\/div><!-- porto-sicon-box -->[\/vc_column_inner][\/vc_row_inner][vc_row_inner animation_delay=\u00a0\u00bb400&Prime; animation_type=\u00a0\u00bbfadeInUp\u00a0\u00bb][vc_column_inner]<div class=\"porto-sicon-box mb-4 style_1 left-icon\"><div class=\"porto-sicon-left\"><div id=\"porto-icon-8175354566a09d4e704757\" class=\"porto-just-icon-wrapper\" style=\"text-align:center;\"><div class=\"porto-sicon-img \" style=\"display:inline-block;font-size: 90px;\"><img class=\"img-icon\" alt=\"\" src=\"https:\/\/qubic.fr\/test\/picto\/wp-content\/uploads\/2020\/09\/picto-mediterranee-sourcing.jpg\" width=\"96\" height=\"96\" \/><\/div><\/div><\/div><div class=\"porto-sicon-body\"><div class=\"porto-sicon-header\"><h3 class=\"porto-sicon-title\" style=\"font-weight:600;font-size:25px;line-height:25px;\">Sourcing national<\/h3><\/div> <!-- header --><div class=\"porto-sicon-description\" style=\"font-family:&#039;Montserrat&#039;;\">\n<ul>\n<li>Le sourcing national vous assure des gammes de m\u00e9dias avec les plus grandes marques.<\/li>\n<li>Un partenariat de tr\u00e8s long terme avec les fournisseurs qui offre une souplesse d\u2019approvisionnement.<\/li>\n<li>Les postes sont doubl\u00e9s et plus encore avec les autres PICTO. C\u2019est la garantie de la fiabilit\u00e9.<\/li>\n<\/ul>\n<p><img loading=\"lazy\" class=\"alignnone wp-image-3742\" src=\"https:\/\/qubic.fr\/test\/picto\/wp-content\/uploads\/2020\/09\/picto-mediterrnee-sourcing-national-300x46.jpg\" alt=\"\" width=\"593\" height=\"91\" srcset=\"https:\/\/qubic.fr\/test\/picto\/wp-content\/uploads\/2020\/09\/picto-mediterrnee-sourcing-national-400x61.jpg 400w, https:\/\/qubic.fr\/test\/picto\/wp-content\/uploads\/2020\/09\/picto-mediterrnee-sourcing-national-367x56.jpg 367w\" sizes=\"(max-width: 593px) 100vw, 593px\" \/><\/div> <!-- description --><\/div><\/div><!-- porto-sicon-box -->[\/vc_column_inner][\/vc_row_inner][\/vc_column][\/vc_row]<\/p>\n","protected":false},"excerpt":{"rendered":"<p>[vc_row parallax=\u00a0\u00bbcontent-moving\u00a0\u00bb parallax_image=\u00a0\u00bb3757&Prime; disable_element=\u00a0\u00bbyes\u00a0\u00bb wrap_container=\u00a0\u00bbyes\u00a0\u00bb section_skin=\u00a0\u00bbparallax\u00a0\u00bb css=\u00a0\u00bb.vc_custom_1599155590003{padding-top: 30px !important;}\u00a0\u00bb][vc_column width=\u00a0\u00bb5\/12&Prime; css=\u00a0\u00bb.vc_custom_1543888239030{padding-bottom: 50px !important;}\u00a0\u00bb][vc_btn title=\u00a0\u00bbCONTACT \/ DEVIS\u00a0\u00bb style=\u00a0\u00bbflat\u00a0\u00bb shape=\u00a0\u00bbsquare\u00a0\u00bb color=\u00a0\u00bbblack\u00a0\u00bb size=\u00a0\u00bbxl\u00a0\u00bb i_align=\u00a0\u00bbright\u00a0\u00bb i_icon_fontawesome=\u00a0\u00bb\u00a0\u00bb skin=\u00a0\u00bbdark\u00a0\u00bb add_icon=\u00a0\u00bbtrue\u00a0\u00bb css_animation=\u00a0\u00bbfadeInUp\u00a0\u00bb link=\u00a0\u00bburl:https%3A%2F%2F1.envato.market%2FrNg2d|||\u00a0\u00bb][\/vc_column][vc_column width=\u00a0\u00bb7\/12&Prime; el_class=\u00a0\u00bboverflow-hidden d-flex align-items-end\u00a0\u00bb][vc_single_image image=\u00a0\u00bb3936&Prime; img_size=\u00a0\u00bbfull\u00a0\u00bb alignment=\u00a0\u00bbright\u00a0\u00bb animation_delay=\u00a0\u00bb500&Prime; animation_type=\u00a0\u00bbfadeInRight\u00a0\u00bb el_class=\u00a0\u00bbmb-0&Prime;][\/vc_column][\/vc_row][vc_row no_padding=\u00a0\u00bbyes\u00a0\u00bb css=\u00a0\u00bb.vc_custom_1602077771704{background-color: #53565a !important;}\u00a0\u00bb][vc_column parallax=\u00a0\u00bbcontent-moving\u00a0\u00bb parallax_image=\u00a0\u00bb5961&Prime; parallax_speed_bg=\u00a0\u00bb1&Prime; width=\u00a0\u00bb1\/2&Prime; css=\u00a0\u00bb.vc_custom_1604911232329{padding-top: 250px !important;padding-bottom: 250px !important;}\u00a0\u00bb][\/vc_column][vc_column width=\u00a0\u00bb1\/2&Prime; css=\u00a0\u00bb.vc_custom_1543849481443{padding-top: 90px !important;padding-bottom: 60px !important;}\u00a0\u00bb [&hellip;]<\/p>\n","protected":false},"author":1,"featured_media":0,"parent":0,"menu_order":0,"comment_status":"closed","ping_status":"closed","template":"","meta":[],"_links":{"self":[{"href":"https:\/\/qubic.fr\/test\/picto\/wp-json\/wp\/v2\/pages\/3754"}],"collection":[{"href":"https:\/\/qubic.fr\/test\/picto\/wp-json\/wp\/v2\/pages"}],"about":[{"href":"https:\/\/qubic.fr\/test\/picto\/wp-json\/wp\/v2\/types\/page"}],"author":[{"embeddable":true,"href":"https:\/\/qubic.fr\/test\/picto\/wp-json\/wp\/v2\/users\/1"}],"replies":[{"embeddable":true,"href":"https:\/\/qubic.fr\/test\/picto\/wp-json\/wp\/v2\/comments?post=3754"}],"version-history":[{"count":91,"href":"https:\/\/qubic.fr\/test\/picto\/wp-json\/wp\/v2\/pages\/3754\/revisions"}],"predecessor-version":[{"id":6069,"href":"https:\/\/qubic.fr\/test\/picto\/wp-json\/wp\/v2\/pages\/3754\/revisions\/6069"}],"wp:attachment":[{"href":"https:\/\/qubic.fr\/test\/picto\/wp-json\/wp\/v2\/media?parent=3754"}],"curies":[{"name":"wp","href":"https:\/\/api.w.org\/{rel}","templated":true}]}}