{"id":3800,"date":"2020-09-02T19:21:47","date_gmt":"2020-09-02T17:21:47","guid":{"rendered":"https:\/\/qubic.fr\/test\/picto\/?page_id=3800"},"modified":"2020-11-16T10:37:18","modified_gmt":"2020-11-16T09:37:18","slug":"imprimeur-evenementiel-exposition-picto-mediterranee","status":"publish","type":"page","link":"https:\/\/qubic.fr\/test\/picto\/imprimeur-evenementiel-exposition-picto-mediterranee\/","title":{"rendered":"Imprimeur \u00e9v\u00e9nementiel exposition PICTO M\u00c9DITERRAN\u00c9E"},"content":{"rendered":"<p>[vc_row parallax=\u00a0\u00bbcontent-moving\u00a0\u00bb parallax_image=\u00a0\u00bb3804&Prime; disable_element=\u00a0\u00bbyes\u00a0\u00bb wrap_container=\u00a0\u00bbyes\u00a0\u00bb section_skin=\u00a0\u00bbparallax\u00a0\u00bb css=\u00a0\u00bb.vc_custom_1599251099211{padding-top: 30px !important;}\u00a0\u00bb][vc_column width=\u00a0\u00bb5\/12&Prime; css=\u00a0\u00bb.vc_custom_1543888239030{padding-bottom: 50px !important;}\u00a0\u00bb]<div class=\"page-top page-header-1\" data-appear-animation=\"fadeInUp\" data-appear-animation-delay=\"200\"><style>.page-top { background: none; border-bottom: none; } .page-top .page-title:not(.b-none):after { display: none; }.page-top .breadcrumbs-wrap { color: rgba(0,0,0,0.7) }.page-top .breadcrumbs-wrap a { color: #000000 }.page-top .page-title {color: #000000;font-size: 2.75em;margin-bottom: 30px;}.page-top .page-sub-title { color: #000000 }<\/style><div class=\"container\">\n\t<div class=\"row\">\n\t\t<div class=\"col-lg-12\">\n\t\t\t\t\t\t\t<div class=\"breadcrumbs-wrap breadcrumbs-with-subtitle\">\n\t\t\t\t\t<ul class=\"breadcrumb\" itemscope itemtype=\"http:\/\/schema.org\/BreadcrumbList\"><li itemprop=\"itemListElement\" itemscope itemtype=\"http:\/\/schema.org\/ListItem\"><a itemtype=\"http:\/\/schema.org\/Thing\" itemprop=\"item\" href=\"https:\/\/qubic.fr\/test\/picto\"><span itemprop=\"name\">Accueil<\/span><meta itemprop=\"position\" content=\"1\" \/><\/a><i class=\"delimiter delimiter-2\"><\/i><\/li><\/ul>\t\t\t\t<\/div>\n\t\t\t\t\t\t<div class=\"page-title-wrap\">\n\t\t\t\t<h1 class=\"page-title b-none\">Confiez-nous vos \u00e9v\u00e9nements et expositions culturelles<\/h1>\n\t\t\t\t\t\t\t\t\t<p class=\"page-sub-title\"><strong>PICTO M\u00e9diterran\u00e9e<\/strong> est la r\u00e9f\u00e9rence en impression num\u00e9rique sur Marseille et plus largement sur la r\u00e9gion PACA.<\/p>\n\t\t\t\t\t\t\t<\/div>\n\t\t\t\t\t<\/div>\n\t<\/div>\n<\/div>\n<\/div>[vc_btn title=\u00a0\u00bbCONTACT \/ DEVIS\u00a0\u00bb style=\u00a0\u00bbflat\u00a0\u00bb shape=\u00a0\u00bbsquare\u00a0\u00bb color=\u00a0\u00bbblack\u00a0\u00bb size=\u00a0\u00bbxl\u00a0\u00bb i_align=\u00a0\u00bbright\u00a0\u00bb i_icon_fontawesome=\u00a0\u00bb\u00a0\u00bb skin=\u00a0\u00bbdark\u00a0\u00bb add_icon=\u00a0\u00bbtrue\u00a0\u00bb css_animation=\u00a0\u00bbfadeInUp\u00a0\u00bb link=\u00a0\u00bburl:https%3A%2F%2F1.envato.market%2FrNg2d|||\u00a0\u00bb][\/vc_column][vc_column width=\u00a0\u00bb7\/12&Prime; el_class=\u00a0\u00bboverflow-hidden d-flex align-items-end\u00a0\u00bb][vc_single_image image=\u00a0\u00bb3647&Prime; img_size=\u00a0\u00bbfull\u00a0\u00bb alignment=\u00a0\u00bbright\u00a0\u00bb animation_delay=\u00a0\u00bb500&Prime; animation_type=\u00a0\u00bbfadeInRight\u00a0\u00bb el_class=\u00a0\u00bbmb-0&Prime;][\/vc_column][\/vc_row][vc_row no_padding=\u00a0\u00bbyes\u00a0\u00bb css=\u00a0\u00bb.vc_custom_1602077834069{background-color: #53565a !important;}\u00a0\u00bb][vc_column parallax=\u00a0\u00bbcontent-moving\u00a0\u00bb parallax_image=\u00a0\u00bb5973&Prime; parallax_speed_bg=\u00a0\u00bb1&Prime; width=\u00a0\u00bb1\/2&Prime; css=\u00a0\u00bb.vc_custom_1604913329058{padding-top: 250px !important;padding-bottom: 250px !important;}\u00a0\u00bb][\/vc_column][vc_column width=\u00a0\u00bb1\/2&Prime; css=\u00a0\u00bb.vc_custom_1543849481443{padding-top: 90px !important;padding-bottom: 60px !important;}\u00a0\u00bb el_class=\u00a0\u00bbcol-half-section pl-3 pr-3 pl-md-5 pr-md-0&Prime;]<div class=\"porto-u-heading mb-1\" data-hspacer=\"no_spacer\" data-halign=\"left\" style=\"text-align:left\" data-appear-animation=\"fadeInUp\"><div class=\"porto-u-main-heading\"><h4 style=\"font-weight:400;color:#efefef;font-size:30px;\">Communiquez plus fort !<\/h4><\/div><\/div>[vc_column_text]<\/p>\n<ul>\n<li><span style=\"color: #efefef;\">RIP CALDERA pour les forts taux d&rsquo;agrandissement.<\/span><\/li>\n<li><span style=\"color: #efefef;\">Haute r\u00e9solution jusqu&rsquo;\u00e0 2400 dpi.<\/span><\/li>\n<li><span style=\"color: #efefef;\">Moyen et grand format avec une finesse de restitution.<\/span><\/li>\n<li><span style=\"color: #efefef;\">Suivi colorim\u00e9trique, BAT de contr\u00f4le, \u00e9preuvage certifi\u00e9.<\/span><\/li>\n<li><span style=\"color: #efefef;\">Adaptation \u00e0 votre environnement : point de vente, mus\u00e9e, showroom, foire, design&#8230;<\/span><\/li>\n<\/ul>\n<p>[\/vc_column_text][vc_btn title=\u00a0\u00bbExemples de r\u00e9alisations\u00a0\u00bb style=\u00a0\u00bbcustom\u00a0\u00bb custom_background=\u00a0\u00bb#000000&Prime; custom_text=\u00a0\u00bb#ffffff\u00a0\u00bb shape=\u00a0\u00bbsquare\u00a0\u00bb size=\u00a0\u00bblg\u00a0\u00bb align=\u00a0\u00bbleft\u00a0\u00bb link=\u00a0\u00bburl:https%3A%2F%2Fqubic.fr%2Ftest%2Fpicto%2Frealisation-evenementiel-et-exposition%2F|title:R%C3%A9alisation%20Ev%C3%A9nementiel%20et%20Exposition\u00a0\u00bb el_class=\u00a0\u00bbfont-size-sm\u00a0\u00bb animation_type=\u00a0\u00bbfadeInUp\u00a0\u00bb][\/vc_column][\/vc_row][vc_row no_padding=\u00a0\u00bbyes\u00a0\u00bb css=\u00a0\u00bb.vc_custom_1598912678733{background-color: #fe0000 !important;}\u00a0\u00bb][vc_column parallax=\u00a0\u00bbcontent-moving\u00a0\u00bb parallax_image=\u00a0\u00bb6070&Prime; parallax_speed_bg=\u00a0\u00bb1&Prime; width=\u00a0\u00bb1\/2&Prime; el_class=\u00a0\u00bborder-md-2&Prime; css=\u00a0\u00bb.vc_custom_1605517130561{padding-top: 250px !important;padding-bottom: 250px !important;}\u00a0\u00bb][\/vc_column][vc_column width=\u00a0\u00bb1\/2&Prime; css=\u00a0\u00bb.vc_custom_1543849756478{padding-top: 90px !important;padding-bottom: 60px !important;}\u00a0\u00bb][vc_row_inner el_class=\u00a0\u00bbcol-half-section col-half-section-right no-padding\u00a0\u00bb][vc_column_inner css=\u00a0\u00bb.vc_custom_1599005748036{padding-top: 10px !important;padding-right: 10px !important;padding-bottom: 10px !important;padding-left: 10px !important;}\u00a0\u00bb]<div class=\"porto-u-heading mb-1\" data-hspacer=\"no_spacer\" data-halign=\"left\" style=\"text-align:left\" data-appear-animation=\"maskUp\"><div class=\"porto-u-main-heading\"><h4 style=\"font-weight:400;color:#ffffff;font-size:30px;\">Sublimez vos messages<\/h4><\/div><div class=\"porto-u-sub-heading\" style=\"\"><span style=\"color: #efefef; font-size: 18px;\">Supports souples<\/span><\/div><\/div>[vc_column_text css=\u00a0\u00bb.vc_custom_1603819542857{padding-top: 10px !important;padding-right: 10px !important;padding-bottom: 10px !important;padding-left: 10px !important;}\u00a0\u00bb]<\/p>\n<ul>\n<li><span style=\"color: #efefef;\">Communication ext\u00e9rieure sur papier dos bleu ou toile tendue.<\/span><\/li>\n<li><span style=\"color: #efefef;\">D\u00e9cor en papier peint agr\u00e9\u00e9 GREENGUARD.<\/span><\/li>\n<li><span style=\"color: #efefef;\">Toile \u00e9cologique, D\u00e9colit, Jet Tex, Canvas.<\/span><\/li>\n<li><span style=\"color: #efefef;\">Lettrage adh\u00e9sif, graphisme sur transparent pour vitrage.<\/span><\/li>\n<li><span style=\"color: #efefef;\">Kak\u00e9mono, banderole, affichage, pavoisement.<\/span><\/li>\n<\/ul>\n<p>[\/vc_column_text][vc_btn title=\u00a0\u00bbExemples de r\u00e9alisations\u00a0\u00bb style=\u00a0\u00bbcustom\u00a0\u00bb custom_background=\u00a0\u00bb#000000&Prime; custom_text=\u00a0\u00bb#ffffff\u00a0\u00bb shape=\u00a0\u00bbsquare\u00a0\u00bb size=\u00a0\u00bblg\u00a0\u00bb align=\u00a0\u00bbleft\u00a0\u00bb link=\u00a0\u00bburl:https%3A%2F%2Fqubic.fr%2Ftest%2Fpicto%2Frealisation-evenementiel-et-exposition%2F|title:R%C3%A9alisation%20Ev%C3%A9nementiel%20et%20Exposition\u00a0\u00bb el_class=\u00a0\u00bbfont-size-sm\u00a0\u00bb animation_type=\u00a0\u00bbfadeInUp\u00a0\u00bb][\/vc_column_inner][\/vc_row_inner][\/vc_column][\/vc_row][vc_row no_padding=\u00a0\u00bbyes\u00a0\u00bb css=\u00a0\u00bb.vc_custom_1602077844687{background-color: #53565a !important;}\u00a0\u00bb][vc_column parallax=\u00a0\u00bbcontent-moving\u00a0\u00bb parallax_image=\u00a0\u00bb6072&Prime; parallax_speed_bg=\u00a0\u00bb1&Prime; width=\u00a0\u00bb1\/2&Prime; css=\u00a0\u00bb.vc_custom_1605517216451{padding-top: 250px !important;padding-bottom: 250px !important;}\u00a0\u00bb][\/vc_column][vc_column width=\u00a0\u00bb1\/2&Prime; css=\u00a0\u00bb.vc_custom_1605519436566{padding-top: 110px !important;padding-bottom: 60px !important;}\u00a0\u00bb el_class=\u00a0\u00bbcol-half-section pl-3 pr-3 pl-md-5 pr-md-0&Prime;]<div class=\"porto-u-heading mb-1\" data-hspacer=\"no_spacer\" data-halign=\"left\" style=\"text-align:left\" data-appear-animation=\"fadeInUp\"><div class=\"porto-u-main-heading\"><h4 style=\"font-weight:400;color:#efefef;font-size:30px;\">Laboratoire photo professionnel<\/h4><\/div><\/div>[vc_column_text]<\/p>\n<ul>\n<li><span style=\"color: #efefef;\">Traitement RVB, noir et blanc, CMJN, retouche.<\/span><\/li>\n<li><span style=\"color: #efefef;\">Fine Art et Digigraphie : papier ultra lisse, textur\u00e9, baryt\u00e9.<\/span><\/li>\n<li><span style=\"color: #efefef;\">Lettrage adh\u00e9sif pour cimaise et cartel. D\u00e9cors.<\/span><\/li>\n<li><span style=\"color: #efefef;\">Contrecollage, lamination et plexicollage<\/span><\/li>\n<li><span style=\"color: #efefef;\">Accessoires de pr\u00e9sentation : attache, chassis, chevalet, velcro, oeillet &#8230;<\/span><\/li>\n<\/ul>\n<p>[\/vc_column_text][vc_btn title=\u00a0\u00bbExemples de r\u00e9alisations\u00a0\u00bb style=\u00a0\u00bbcustom\u00a0\u00bb custom_background=\u00a0\u00bb#000000&Prime; custom_text=\u00a0\u00bb#ffffff\u00a0\u00bb shape=\u00a0\u00bbsquare\u00a0\u00bb size=\u00a0\u00bblg\u00a0\u00bb align=\u00a0\u00bbleft\u00a0\u00bb link=\u00a0\u00bburl:https%3A%2F%2Fqubic.fr%2Ftest%2Fpicto%2Frealisation-evenementiel-et-exposition%2F|title:R%C3%A9alisation%20Ev%C3%A9nementiel%20et%20Exposition\u00a0\u00bb el_class=\u00a0\u00bbfont-size-sm\u00a0\u00bb animation_type=\u00a0\u00bbfadeInUp\u00a0\u00bb][\/vc_column][\/vc_row][vc_row no_padding=\u00a0\u00bbyes\u00a0\u00bb css=\u00a0\u00bb.vc_custom_1598912678733{background-color: #fe0000 !important;}\u00a0\u00bb][vc_column parallax=\u00a0\u00bbcontent-moving\u00a0\u00bb parallax_image=\u00a0\u00bb5982&Prime; parallax_speed_bg=\u00a0\u00bb1&Prime; width=\u00a0\u00bb1\/2&Prime; el_class=\u00a0\u00bborder-md-2&Prime; css=\u00a0\u00bb.vc_custom_1604916240247{padding-top: 250px !important;padding-bottom: 250px !important;}\u00a0\u00bb][\/vc_column][vc_column width=\u00a0\u00bb1\/2&Prime; css=\u00a0\u00bb.vc_custom_1543849756478{padding-top: 90px !important;padding-bottom: 60px !important;}\u00a0\u00bb][vc_row_inner el_class=\u00a0\u00bbcol-half-section col-half-section-right no-padding\u00a0\u00bb][vc_column_inner css=\u00a0\u00bb.vc_custom_1599005748036{padding-top: 10px !important;padding-right: 10px !important;padding-bottom: 10px !important;padding-left: 10px !important;}\u00a0\u00bb]<div class=\"porto-u-heading mb-1\" data-hspacer=\"no_spacer\" data-halign=\"left\" style=\"text-align:left\" data-appear-animation=\"maskUp\"><div class=\"porto-u-main-heading\"><h4 style=\"font-weight:400;color:#ffffff;font-size:30px;\">Choix de m\u00e9dia selon vos envies<\/h4><\/div><div class=\"porto-u-sub-heading\" style=\"\"><span style=\"color: #efefef; font-size: 18px;\">Supports rigides<\/span><\/div><\/div>[vc_column_text css=\u00a0\u00bb.vc_custom_1603820048895{padding-top: 10px !important;padding-right: 10px !important;padding-bottom: 10px !important;padding-left: 10px !important;}\u00a0\u00bb]<\/p>\n<ul>\n<li><span style=\"color: #efefef;\">Impression avec ou sans blanc.<\/span><\/li>\n<li><span style=\"color: #efefef;\">Impression UV sur dibond, plexiglass, PVC, bois.<\/span><\/li>\n<li><span style=\"color: #efefef;\">Reboard pour PLV et signal\u00e9tique.<\/span><\/li>\n<li><span style=\"color: #efefef;\">Lamination en mat, brillant, anti-tag, V\u00e9l\u00e9da ou sol.<\/span><\/li>\n<li><span style=\"color: #efefef;\">Panneau, pancarte, palissade, 4&#215;3.<\/span><\/li>\n<\/ul>\n<p>[\/vc_column_text][vc_btn title=\u00a0\u00bbExemples de r\u00e9alisations\u00a0\u00bb style=\u00a0\u00bbcustom\u00a0\u00bb custom_background=\u00a0\u00bb#000000&Prime; custom_text=\u00a0\u00bb#ffffff\u00a0\u00bb shape=\u00a0\u00bbsquare\u00a0\u00bb size=\u00a0\u00bblg\u00a0\u00bb align=\u00a0\u00bbleft\u00a0\u00bb link=\u00a0\u00bburl:https%3A%2F%2Fqubic.fr%2Ftest%2Fpicto%2Frealisation-evenementiel-et-exposition%2F|title:R%C3%A9alisation%20Ev%C3%A9nementiel%20et%20Exposition\u00a0\u00bb el_class=\u00a0\u00bbfont-size-sm\u00a0\u00bb animation_type=\u00a0\u00bbfadeInUp\u00a0\u00bb][\/vc_column_inner][\/vc_row_inner][\/vc_column][\/vc_row][vc_row no_padding=\u00a0\u00bbyes\u00a0\u00bb css=\u00a0\u00bb.vc_custom_1602077855538{background-color: #53565a !important;}\u00a0\u00bb][vc_column parallax=\u00a0\u00bbcontent-moving\u00a0\u00bb parallax_image=\u00a0\u00bb5983&Prime; parallax_speed_bg=\u00a0\u00bb1&Prime; width=\u00a0\u00bb1\/2&Prime; css=\u00a0\u00bb.vc_custom_1604916328908{padding-top: 250px !important;padding-bottom: 250px !important;}\u00a0\u00bb][\/vc_column][vc_column width=\u00a0\u00bb1\/2&Prime; css=\u00a0\u00bb.vc_custom_1543849481443{padding-top: 90px !important;padding-bottom: 60px !important;}\u00a0\u00bb el_class=\u00a0\u00bbcol-half-section pl-3 pr-3 pl-md-5 pr-md-0&Prime;]<div class=\"porto-u-heading mb-1\" data-hspacer=\"no_spacer\" data-halign=\"left\" style=\"text-align:left\" data-appear-animation=\"fadeInUp\"><div class=\"porto-u-main-heading\"><h4 style=\"font-weight:400;color:#efefef;font-size:30px;\">Nos poseurs cr\u00e9ent le d\u00e9cor<\/h4><\/div><div class=\"porto-u-sub-heading\" style=\"color: #000000;\"><span style=\"color: #efefef; font-size: 18px;\">Pr\u00e9cision du geste pour l&rsquo;installation.<\/span><\/div><\/div>[vc_column_text]<\/p>\n<ul>\n<li><span style=\"color: #efefef;\">Rep\u00e9rage, prise de c\u00f4tes, prise de vues Avant.<\/span><\/li>\n<li><span style=\"color: #efefef;\">Maquette de simulation de l&rsquo;environnement.<\/span><\/li>\n<li><span style=\"color: #efefef;\">Pose sur site ou covering de flotte de v\u00e9hicules.<\/span><\/li>\n<li><span style=\"color: #efefef;\">Nettoyage du chantier, prise de vues Apr\u00e8s.<\/span><\/li>\n<li><span style=\"color: #efefef;\">Possibilit\u00e9 de faire intervenir un bureau de contr\u00f4le.<\/span><\/li>\n<\/ul>\n<p>[\/vc_column_text][vc_btn title=\u00a0\u00bbExemples de r\u00e9alisations\u00a0\u00bb style=\u00a0\u00bbcustom\u00a0\u00bb custom_background=\u00a0\u00bb#000000&Prime; custom_text=\u00a0\u00bb#ffffff\u00a0\u00bb shape=\u00a0\u00bbsquare\u00a0\u00bb size=\u00a0\u00bblg\u00a0\u00bb align=\u00a0\u00bbleft\u00a0\u00bb link=\u00a0\u00bburl:https%3A%2F%2Fqubic.fr%2Ftest%2Fpicto%2Frealisation-evenementiel-et-exposition%2F|title:R%C3%A9alisation%20Ev%C3%A9nementiel%20et%20Exposition\u00a0\u00bb el_class=\u00a0\u00bbfont-size-sm\u00a0\u00bb animation_type=\u00a0\u00bbfadeInUp\u00a0\u00bb][\/vc_column][\/vc_row][vc_row parallax=\u00a0\u00bbcontent-moving\u00a0\u00bb parallax_image=\u00a0\u00bb3729&Prime; parallax_speed_bg=\u00a0\u00bb1.25&Prime; disable_element=\u00a0\u00bbyes\u00a0\u00bb wrap_container=\u00a0\u00bbyes\u00a0\u00bb is_section=\u00a0\u00bbyes\u00a0\u00bb remove_margin_top=\u00a0\u00bbyes\u00a0\u00bb remove_border=\u00a0\u00bbyes\u00a0\u00bb css=\u00a0\u00bb.vc_custom_1599067145251{padding-top: 100px !important;padding-bottom: 50px !important;}\u00a0\u00bb el_id=\u00a0\u00bbbanner_icons\u00a0\u00bb][vc_column width=\u00a0\u00bb5\/6&Prime; offset=\u00a0\u00bbvc_col-md-offset-5 vc_col-md-7 vc_col-sm-offset-2&Prime;][vc_row_inner animation_type=\u00a0\u00bbfadeInUp\u00a0\u00bb][vc_column_inner]<div class=\"porto-sicon-box mb-4 style_1 left-icon\"><div class=\"porto-sicon-left\"><div id=\"porto-icon-16581261746a09d51aa1087\" class=\"porto-just-icon-wrapper\" style=\"text-align:center;\"><div class=\"porto-sicon-img \" style=\"display:inline-block;font-size: 90px;\"><img class=\"img-icon\" alt=\"\" src=\"https:\/\/qubic.fr\/test\/picto\/wp-content\/uploads\/2020\/09\/picto-mediterranee-imprim-vert-1.jpg\" width=\"96\" height=\"96\" \/><\/div><\/div><\/div><div class=\"porto-sicon-body\"><div class=\"porto-sicon-header\"><h3 class=\"porto-sicon-title\" style=\"font-weight:600;font-size:25px;line-height:25px;\">Une d\u00e9marche environnementale<\/h3><\/div> <!-- header --><div class=\"porto-sicon-description\" style=\"font-family:&#039;Montserrat&#039;;\">\n<ul>\n<li>Certification imprim\u2019vert depuis 2009 \u00e0 Marseille.<\/li>\n<li>Une D\u00e9marche d\u2019entreprise R.S.E<\/li>\n<li>Retraitement par R\u00e9mondis et Paprec.<\/li>\n<\/ul>\n<p><\/div> <!-- description --><\/div><\/div><!-- porto-sicon-box -->[\/vc_column_inner][\/vc_row_inner][vc_row_inner animation_delay=\u00a0\u00bb200&Prime; animation_type=\u00a0\u00bbfadeInUp\u00a0\u00bb][vc_column_inner]<div class=\"porto-sicon-box mb-4 style_1 left-icon\"><div class=\"porto-sicon-left\"><div id=\"porto-icon-20335499876a09d51aa166b\" class=\"porto-just-icon-wrapper\" style=\"text-align:center;\"><div class=\"porto-sicon-img \" style=\"display:inline-block;font-size: 90px;\"><img class=\"img-icon\" alt=\"\" src=\"https:\/\/qubic.fr\/test\/picto\/wp-content\/uploads\/2020\/09\/picto-mediterranee-certifications.jpg\" width=\"96\" height=\"96\" \/><\/div><\/div><\/div><div class=\"porto-sicon-body\"><div class=\"porto-sicon-header\"><h3 class=\"porto-sicon-title\" style=\"font-weight:600;font-size:25px;line-height:25px;\">Des labels et certifications avec les grands op\u00e9rateurs<\/h3><\/div> <!-- header --><div class=\"porto-sicon-description\" style=\"font-family:&#039;Montserrat&#039;;\">\n<ul>\n<li>Fogra, Digigraphie Epson, Kodak, HP Latex.<\/li>\n<\/ul>\n<p><\/div> <!-- description --><\/div><\/div><!-- porto-sicon-box -->[\/vc_column_inner][\/vc_row_inner][vc_row_inner animation_delay=\u00a0\u00bb400&Prime; animation_type=\u00a0\u00bbfadeInUp\u00a0\u00bb][vc_column_inner]<div class=\"porto-sicon-box mb-4 style_1 left-icon\"><div class=\"porto-sicon-left\"><div id=\"porto-icon-511975126a09d51aa1c18\" class=\"porto-just-icon-wrapper\" style=\"text-align:center;\"><div class=\"porto-sicon-img \" style=\"display:inline-block;font-size: 90px;\"><img class=\"img-icon\" alt=\"\" src=\"https:\/\/qubic.fr\/test\/picto\/wp-content\/uploads\/2020\/09\/picto-mediterranee-sourcing.jpg\" width=\"96\" height=\"96\" \/><\/div><\/div><\/div><div class=\"porto-sicon-body\"><div class=\"porto-sicon-header\"><h3 class=\"porto-sicon-title\" style=\"font-weight:600;font-size:25px;line-height:25px;\">Sourcing national<\/h3><\/div> <!-- header --><div class=\"porto-sicon-description\" style=\"font-family:&#039;Montserrat&#039;;\">\n<ul>\n<li>Le sourcing national vous assure des gammes de m\u00e9dias avec les plus grandes marques.<\/li>\n<li>Un partenariat de tr\u00e8s long terme avec les fournisseurs qui offre une souplesse d\u2019approvisionnement.<\/li>\n<li>Les postes sont doubl\u00e9s et plus encore avec les autres PICTO. C\u2019est la garantie de la fiabilit\u00e9.<\/li>\n<\/ul>\n<p><img loading=\"lazy\" class=\"alignnone wp-image-3742\" src=\"https:\/\/qubic.fr\/test\/picto\/wp-content\/uploads\/2020\/09\/picto-mediterrnee-sourcing-national-300x46.jpg\" alt=\"\" width=\"593\" height=\"91\" srcset=\"https:\/\/qubic.fr\/test\/picto\/wp-content\/uploads\/2020\/09\/picto-mediterrnee-sourcing-national-400x61.jpg 400w, https:\/\/qubic.fr\/test\/picto\/wp-content\/uploads\/2020\/09\/picto-mediterrnee-sourcing-national-367x56.jpg 367w\" sizes=\"(max-width: 593px) 100vw, 593px\" \/><\/div> <!-- description --><\/div><\/div><!-- porto-sicon-box -->[\/vc_column_inner][\/vc_row_inner][\/vc_column][\/vc_row]<\/p>\n","protected":false},"excerpt":{"rendered":"<p>[vc_row parallax=\u00a0\u00bbcontent-moving\u00a0\u00bb parallax_image=\u00a0\u00bb3804&Prime; disable_element=\u00a0\u00bbyes\u00a0\u00bb wrap_container=\u00a0\u00bbyes\u00a0\u00bb section_skin=\u00a0\u00bbparallax\u00a0\u00bb css=\u00a0\u00bb.vc_custom_1599251099211{padding-top: 30px !important;}\u00a0\u00bb][vc_column width=\u00a0\u00bb5\/12&Prime; css=\u00a0\u00bb.vc_custom_1543888239030{padding-bottom: 50px !important;}\u00a0\u00bb][vc_btn title=\u00a0\u00bbCONTACT \/ DEVIS\u00a0\u00bb style=\u00a0\u00bbflat\u00a0\u00bb shape=\u00a0\u00bbsquare\u00a0\u00bb color=\u00a0\u00bbblack\u00a0\u00bb size=\u00a0\u00bbxl\u00a0\u00bb i_align=\u00a0\u00bbright\u00a0\u00bb i_icon_fontawesome=\u00a0\u00bb\u00a0\u00bb skin=\u00a0\u00bbdark\u00a0\u00bb add_icon=\u00a0\u00bbtrue\u00a0\u00bb css_animation=\u00a0\u00bbfadeInUp\u00a0\u00bb link=\u00a0\u00bburl:https%3A%2F%2F1.envato.market%2FrNg2d|||\u00a0\u00bb][\/vc_column][vc_column width=\u00a0\u00bb7\/12&Prime; el_class=\u00a0\u00bboverflow-hidden d-flex align-items-end\u00a0\u00bb][vc_single_image image=\u00a0\u00bb3647&Prime; img_size=\u00a0\u00bbfull\u00a0\u00bb alignment=\u00a0\u00bbright\u00a0\u00bb animation_delay=\u00a0\u00bb500&Prime; animation_type=\u00a0\u00bbfadeInRight\u00a0\u00bb el_class=\u00a0\u00bbmb-0&Prime;][\/vc_column][\/vc_row][vc_row no_padding=\u00a0\u00bbyes\u00a0\u00bb css=\u00a0\u00bb.vc_custom_1602077834069{background-color: #53565a !important;}\u00a0\u00bb][vc_column parallax=\u00a0\u00bbcontent-moving\u00a0\u00bb parallax_image=\u00a0\u00bb5973&Prime; parallax_speed_bg=\u00a0\u00bb1&Prime; width=\u00a0\u00bb1\/2&Prime; css=\u00a0\u00bb.vc_custom_1604913329058{padding-top: 250px !important;padding-bottom: 250px !important;}\u00a0\u00bb][\/vc_column][vc_column width=\u00a0\u00bb1\/2&Prime; css=\u00a0\u00bb.vc_custom_1543849481443{padding-top: 90px !important;padding-bottom: 60px !important;}\u00a0\u00bb [&hellip;]<\/p>\n","protected":false},"author":1,"featured_media":0,"parent":0,"menu_order":0,"comment_status":"closed","ping_status":"closed","template":"","meta":[],"_links":{"self":[{"href":"https:\/\/qubic.fr\/test\/picto\/wp-json\/wp\/v2\/pages\/3800"}],"collection":[{"href":"https:\/\/qubic.fr\/test\/picto\/wp-json\/wp\/v2\/pages"}],"about":[{"href":"https:\/\/qubic.fr\/test\/picto\/wp-json\/wp\/v2\/types\/page"}],"author":[{"embeddable":true,"href":"https:\/\/qubic.fr\/test\/picto\/wp-json\/wp\/v2\/users\/1"}],"replies":[{"embeddable":true,"href":"https:\/\/qubic.fr\/test\/picto\/wp-json\/wp\/v2\/comments?post=3800"}],"version-history":[{"count":53,"href":"https:\/\/qubic.fr\/test\/picto\/wp-json\/wp\/v2\/pages\/3800\/revisions"}],"predecessor-version":[{"id":6078,"href":"https:\/\/qubic.fr\/test\/picto\/wp-json\/wp\/v2\/pages\/3800\/revisions\/6078"}],"wp:attachment":[{"href":"https:\/\/qubic.fr\/test\/picto\/wp-json\/wp\/v2\/media?parent=3800"}],"curies":[{"name":"wp","href":"https:\/\/api.w.org\/{rel}","templated":true}]}}