{"id":4046,"date":"2020-09-06T12:51:50","date_gmt":"2020-09-06T10:51:50","guid":{"rendered":"https:\/\/qubic.fr\/test\/picto\/?page_id=4046"},"modified":"2020-11-04T15:35:59","modified_gmt":"2020-11-04T14:35:59","slug":"realisations-picto-mediterranee","status":"publish","type":"page","link":"https:\/\/qubic.fr\/test\/picto\/realisations-picto-mediterranee\/","title":{"rendered":"Realisations Picto M\u00e9diterran\u00e9e"},"content":{"rendered":"<p>[vc_row][vc_column][vc_column_text]<\/p>\n<p style=\"text-align: center;\"><span style=\"font-size: 30px;\">D\u00e9couvrez des exemples de r\u00e9alisations de PICTO M\u00e9diterran\u00e9e<\/span><\/p>\n<p>[\/vc_column_text][vc_column_text]<\/p>\n<p style=\"text-align: center;\"><span style=\"font-size: 20px;\">Nos r\u00e9alisations sont class\u00e9es en 5 rubriques principales<br \/>\n<\/span><span style=\"font-size: 20px;\">L&rsquo;\u00e9quipe est \u00e0 votre disposition pour r\u00e9pondre \u00e0 vos questions au <strong>04 91 23 03 90<\/strong><\/span><\/p>\n<p>[\/vc_column_text][\/vc_column][\/vc_row][vc_row content_placement=\u00a0\u00bbmiddle\u00a0\u00bb wrap_container=\u00a0\u00bbyes\u00a0\u00bb][vc_column width=\u00a0\u00bb1\/3&Prime;]<div class=\"porto-image-frame \"><span class=\"thumb-info thumb-info-lighten\"><a href=\"https:\/\/qubic.fr\/test\/picto\/realisation-grand-format-et-signaletique\/\" title=\"R\u00e9alisations Grands formats et Signal\u00e9tiques\" target=\"_self\"><span class=\"thumb-info-wrapper\"><img alt=\"\" src=\"\/\/qubic.fr\/test\/picto\/wp-content\/uploads\/2020\/09\/picto-mediterranee-merchandising-357-3-367x367.png\" class=\"img-responsive\" width=\"t\" height=\"t\"><span class=\"thumb-info-title\"><span class=\"thumb-info-inner\">Grand Format et Signal\u00e9tique<em><\/em><\/span><span class=\"thumb-info-type\">D\u00e9couvrir<\/span><\/span><span class=\"thumb-info-action\"><span class=\"thumb-info-action-icon\"><i class=\"fas fa-link\"><\/i><\/span><\/span><\/span><\/a><\/span><\/div>[\/vc_column][vc_column width=\u00a0\u00bb1\/3&Prime;]<div class=\"porto-image-frame \"><span class=\"thumb-info thumb-info-lighten\"><a href=\"https:\/\/qubic.fr\/test\/picto\/realisation-evenementiel-et-exposition\/\" title=\"R\u00e9alisation Ev\u00e9nementiel et Exposition\" target=\"_self\"><span class=\"thumb-info-wrapper\"><img alt=\"\" src=\"\/\/qubic.fr\/test\/picto\/wp-content\/uploads\/2020\/09\/picto-mediterranee-merchandising-357-367x367.png\" class=\"img-responsive\" width=\"t\" height=\"t\"><span class=\"thumb-info-title\"><span class=\"thumb-info-inner\">\u00c9v\u00e9nementiel et Exposition<em><\/em><\/span><span class=\"thumb-info-type\">D\u00e9couvrir<\/span><\/span><span class=\"thumb-info-action\"><span class=\"thumb-info-action-icon\"><i class=\"fas fa-link\"><\/i><\/span><\/span><\/span><\/a><\/span><\/div>[\/vc_column][vc_column width=\u00a0\u00bb1\/3&Prime;]<div class=\"porto-image-frame \"><span class=\"thumb-info thumb-info-lighten\"><a href=\"https:\/\/qubic.fr\/test\/picto\/realisation-merchandising-et-decorations\/\" title=\"R\u00e9alisation Merchandising et D\u00e9corations\" target=\"_self\"><span class=\"thumb-info-wrapper\"><img alt=\"\" src=\"\/\/qubic.fr\/test\/picto\/wp-content\/uploads\/2020\/09\/picto-mediterranee-merchandising357-1-367x367.png\" class=\"img-responsive\" width=\"t\" height=\"t\"><span class=\"thumb-info-title\"><span class=\"thumb-info-inner\">Merchandising et D\u00e9coration<em><\/em><\/span><span class=\"thumb-info-type\">D\u00e9couvrir<\/span><\/span><span class=\"thumb-info-action\"><span class=\"thumb-info-action-icon\"><i class=\"fas fa-link\"><\/i><\/span><\/span><\/span><\/a><\/span><\/div>[\/vc_column][\/vc_row][vc_row content_placement=\u00a0\u00bbmiddle\u00a0\u00bb wrap_container=\u00a0\u00bbyes\u00a0\u00bb][vc_column width=\u00a0\u00bb1\/3&Prime;]<div class=\"porto-image-frame \"><span class=\"thumb-info thumb-info-lighten\"><a href=\"https:\/\/qubic.fr\/test\/picto\/realisation-stand-et-oriflamme\/\" title=\"R\u00e9alisation Stand et Oriflamme\" target=\"_self\"><span class=\"thumb-info-wrapper\"><img alt=\"\" src=\"\/\/qubic.fr\/test\/picto\/wp-content\/uploads\/2020\/10\/picto-mediterranee-merchandising-357-367x367.png\" class=\"img-responsive\" width=\"t\" height=\"t\"><span class=\"thumb-info-title\"><span class=\"thumb-info-inner\">Stand et Oriflamme<em><\/em><\/span><span class=\"thumb-info-type\">D\u00e9couvrir<\/span><\/span><span class=\"thumb-info-action\"><span class=\"thumb-info-action-icon\"><i class=\"fas fa-link\"><\/i><\/span><\/span><\/span><\/a><\/span><\/div>[\/vc_column][vc_column width=\u00a0\u00bb1\/3&Prime;]<div class=\"porto-image-frame \"><span class=\"thumb-info thumb-info-lighten\"><a href=\"https:\/\/qubic.fr\/test\/picto\/pose-sur-site-et-vehicule\/\" title=\"Pose sur site et v\u00e9hicule\" target=\"_self\"><span class=\"thumb-info-wrapper\"><img alt=\"\" src=\"\/\/qubic.fr\/test\/picto\/wp-content\/uploads\/2020\/10\/picto-mediterranee-merchandising-357-1-367x367.png\" class=\"img-responsive\" width=\"t\" height=\"t\"><span class=\"thumb-info-title\"><span class=\"thumb-info-inner\">Pose sur site et V\u00e9hicule<em><\/em><\/span><span class=\"thumb-info-type\">D\u00e9couvrir<\/span><\/span><span class=\"thumb-info-action\"><span class=\"thumb-info-action-icon\"><i class=\"fas fa-link\"><\/i><\/span><\/span><\/span><\/a><\/span><\/div>[\/vc_column][vc_column width=\u00a0\u00bb1\/3&Prime;]<div class=\"porto-image-frame \"><span class=\"thumb-info thumb-info-lighten\"><a href=\"https:\/\/qubic.fr\/test\/picto\/devis-immediat-picto-mediterranee\/\" title=\"\" target=\"_self\"><span class=\"thumb-info-wrapper\"><img alt=\"\" src=\"\/\/qubic.fr\/test\/picto\/wp-content\/uploads\/2020\/11\/homme-350-350.png\" class=\"img-responsive\" width=\"t\" height=\"t\"><span class=\"thumb-info-title\"><span class=\"thumb-info-inner\">Demandez un devis imm\u00e9diat<em><\/em><\/span><span class=\"thumb-info-type\">Contactez-nous<\/span><\/span><span class=\"thumb-info-action\"><span class=\"thumb-info-action-icon\"><i class=\"fas fa-link\"><\/i><\/span><\/span><\/span><\/a><\/span><\/div>[\/vc_column][\/vc_row]<\/p>\n","protected":false},"excerpt":{"rendered":"<p>[vc_row][vc_column][vc_column_text] D\u00e9couvrez des exemples de r\u00e9alisations de PICTO M\u00e9diterran\u00e9e [\/vc_column_text][vc_column_text] Nos r\u00e9alisations sont class\u00e9es en 5 rubriques principales L&rsquo;\u00e9quipe est \u00e0 votre disposition pour r\u00e9pondre \u00e0 vos questions au 04 91 23 03 90 [\/vc_column_text][\/vc_column][\/vc_row][vc_row content_placement=\u00a0\u00bbmiddle\u00a0\u00bb wrap_container=\u00a0\u00bbyes\u00a0\u00bb][vc_column width=\u00a0\u00bb1\/3&Prime;][\/vc_column][vc_column width=\u00a0\u00bb1\/3&Prime;][\/vc_column][vc_column width=\u00a0\u00bb1\/3&Prime;][\/vc_column][\/vc_row][vc_row content_placement=\u00a0\u00bbmiddle\u00a0\u00bb wrap_container=\u00a0\u00bbyes\u00a0\u00bb][vc_column width=\u00a0\u00bb1\/3&Prime;][\/vc_column][vc_column width=\u00a0\u00bb1\/3&Prime;][\/vc_column][vc_column width=\u00a0\u00bb1\/3&Prime;][\/vc_column][\/vc_row]<\/p>\n","protected":false},"author":1,"featured_media":0,"parent":0,"menu_order":0,"comment_status":"closed","ping_status":"closed","template":"","meta":[],"_links":{"self":[{"href":"https:\/\/qubic.fr\/test\/picto\/wp-json\/wp\/v2\/pages\/4046"}],"collection":[{"href":"https:\/\/qubic.fr\/test\/picto\/wp-json\/wp\/v2\/pages"}],"about":[{"href":"https:\/\/qubic.fr\/test\/picto\/wp-json\/wp\/v2\/types\/page"}],"author":[{"embeddable":true,"href":"https:\/\/qubic.fr\/test\/picto\/wp-json\/wp\/v2\/users\/1"}],"replies":[{"embeddable":true,"href":"https:\/\/qubic.fr\/test\/picto\/wp-json\/wp\/v2\/comments?post=4046"}],"version-history":[{"count":80,"href":"https:\/\/qubic.fr\/test\/picto\/wp-json\/wp\/v2\/pages\/4046\/revisions"}],"predecessor-version":[{"id":5201,"href":"https:\/\/qubic.fr\/test\/picto\/wp-json\/wp\/v2\/pages\/4046\/revisions\/5201"}],"wp:attachment":[{"href":"https:\/\/qubic.fr\/test\/picto\/wp-json\/wp\/v2\/media?parent=4046"}],"curies":[{"name":"wp","href":"https:\/\/api.w.org\/{rel}","templated":true}]}}