{"id":6210,"date":"2020-11-26T11:41:23","date_gmt":"2020-11-26T10:41:23","guid":{"rendered":"https:\/\/qubic.fr\/test\/picto\/?page_id=6210"},"modified":"2020-11-26T13:13:35","modified_gmt":"2020-11-26T12:13:35","slug":"mentions-legales","status":"publish","type":"page","link":"https:\/\/qubic.fr\/test\/picto\/mentions-legales\/","title":{"rendered":"Mentions l\u00e9gales"},"content":{"rendered":"<p><strong>Propri\u00e9taire<\/strong>\u00a0: SARL BARAKA Capital social de 120 900,00 \u20ac \u2013 55 Chemin de Gibbes 13014 Marseille<br \/>\n<strong>RCS<\/strong> : Marseille B 315 128 173<br \/>\n<strong>SIRET<\/strong> : 31512817300061<br \/>\n<strong>Num\u00e9ro Intra CEE<\/strong> : FR 27 315128173<br \/>\n<strong>Responsable publication<\/strong>\u00a0: Philippe DENOUEIX \u2013 info@pictomed.com<\/p>\n<p>Le responsable publication est une personne physique ou une personne morale.<br \/>\n<strong>Webmaster<\/strong>\u00a0: R. BESSOUDO \u2013 contact@qubic.fr<br \/>\n<strong>H\u00e9bergeur<\/strong>\u00a0: ovh \u2013 2 rue Kellermann 59100 Roubaix 1007<br \/>\n<strong>D\u00e9l\u00e9gu\u00e9 \u00e0 la protection des donn\u00e9es<\/strong>\u00a0: PICTO M\u00e9diterran\u00e9e \u2013 info@pictomed.com<\/p>\n","protected":false},"excerpt":{"rendered":"<p>Propri\u00e9taire\u00a0: SARL BARAKA Capital social de 120 900,00 \u20ac \u2013 55 Chemin de Gibbes 13014 Marseille RCS : Marseille B 315 128 173 SIRET : 31512817300061 Num\u00e9ro Intra CEE : FR 27 315128173 Responsable publication\u00a0: Philippe DENOUEIX \u2013 info@pictomed.com Le responsable publication est une personne physique ou une personne morale. Webmaster\u00a0: R. BESSOUDO \u2013 contact@qubic.fr [&hellip;]<\/p>\n","protected":false},"author":1,"featured_media":0,"parent":0,"menu_order":0,"comment_status":"closed","ping_status":"closed","template":"","meta":[],"_links":{"self":[{"href":"https:\/\/qubic.fr\/test\/picto\/wp-json\/wp\/v2\/pages\/6210"}],"collection":[{"href":"https:\/\/qubic.fr\/test\/picto\/wp-json\/wp\/v2\/pages"}],"about":[{"href":"https:\/\/qubic.fr\/test\/picto\/wp-json\/wp\/v2\/types\/page"}],"author":[{"embeddable":true,"href":"https:\/\/qubic.fr\/test\/picto\/wp-json\/wp\/v2\/users\/1"}],"replies":[{"embeddable":true,"href":"https:\/\/qubic.fr\/test\/picto\/wp-json\/wp\/v2\/comments?post=6210"}],"version-history":[{"count":3,"href":"https:\/\/qubic.fr\/test\/picto\/wp-json\/wp\/v2\/pages\/6210\/revisions"}],"predecessor-version":[{"id":6217,"href":"https:\/\/qubic.fr\/test\/picto\/wp-json\/wp\/v2\/pages\/6210\/revisions\/6217"}],"wp:attachment":[{"href":"https:\/\/qubic.fr\/test\/picto\/wp-json\/wp\/v2\/media?parent=6210"}],"curies":[{"name":"wp","href":"https:\/\/api.w.org\/{rel}","templated":true}]}}